{"id":661,"date":"2025-04-24T13:53:45","date_gmt":"2025-04-24T11:53:45","guid":{"rendered":"https:\/\/hambuechen.net\/wordpress\/?page_id=661"},"modified":"2025-04-24T22:45:12","modified_gmt":"2025-04-24T20:45:12","slug":"parklabyr","status":"publish","type":"page","link":"https:\/\/hambuechen.net\/wordpress\/parklabyr\/","title":{"rendered":"Parklabyr"},"content":{"rendered":"<p>Wie l\u00e4sst sich ein alter Schlosspark als Raum f\u00fcr Vorstellungen \u00f6ffnen?<\/p>\n<p><strong>Durch Kunst zur Planung.<\/strong><\/p>\n<p>Grundlage f\u00fcr die Werkstatt Morsbroich ist ein politischer Beschluss des Leverkusener Stadtrates.<\/p>\n<p>Das Parklabyr ist zu den \u00d6ffnungszeiten des Museum Morsbroich umsonst benutzbar.<\/p>\n<p><a href=\"https:\/\/parklabyr.de\/\" target=\"_blank\" rel=\"noopener\">zur Homepage des Parklabyrs.<\/a><\/p>\n","protected":false},"excerpt":{"rendered":"<p>Wie l\u00e4sst sich ein alter Schlosspark als Raum f\u00fcr Vorstellungen \u00f6ffnen? Grundlage f\u00fcr die Werkstatt Morsbroich ist ein politischer Beschluss des Leverkusener Stadtrates.<\/p>\n","protected":false},"author":1,"featured_media":662,"parent":0,"menu_order":0,"comment_status":"closed","ping_status":"closed","template":"","meta":{"footnotes":""},"class_list":["post-661","page","type-page","status-publish","has-post-thumbnail"],"_links":{"self":[{"href":"https:\/\/hambuechen.net\/wordpress\/wp-json\/wp\/v2\/pages\/661","targetHints":{"allow":["GET"]}}],"collection":[{"href":"https:\/\/hambuechen.net\/wordpress\/wp-json\/wp\/v2\/pages"}],"about":[{"href":"https:\/\/hambuechen.net\/wordpress\/wp-json\/wp\/v2\/types\/page"}],"author":[{"embeddable":true,"href":"https:\/\/hambuechen.net\/wordpress\/wp-json\/wp\/v2\/users\/1"}],"replies":[{"embeddable":true,"href":"https:\/\/hambuechen.net\/wordpress\/wp-json\/wp\/v2\/comments?post=661"}],"version-history":[{"count":2,"href":"https:\/\/hambuechen.net\/wordpress\/wp-json\/wp\/v2\/pages\/661\/revisions"}],"predecessor-version":[{"id":685,"href":"https:\/\/hambuechen.net\/wordpress\/wp-json\/wp\/v2\/pages\/661\/revisions\/685"}],"wp:featuredmedia":[{"embeddable":true,"href":"https:\/\/hambuechen.net\/wordpress\/wp-json\/wp\/v2\/media\/662"}],"wp:attachment":[{"href":"https:\/\/hambuechen.net\/wordpress\/wp-json\/wp\/v2\/media?parent=661"}],"curies":[{"name":"wp","href":"https:\/\/api.w.org\/{rel}","templated":true}]}}